{"id":3,"date":"2022-11-10T15:49:28","date_gmt":"2022-11-10T14:49:28","guid":{"rendered":"http:\/\/wp14202835.server-he.de\/?page_id=3"},"modified":"2025-11-04T12:29:34","modified_gmt":"2025-11-04T11:29:34","slug":"datenschutzerklaerung","status":"publish","type":"page","link":"https:\/\/www.lukevent.com\/de\/datenschutzerklaerung\/","title":{"rendered":"Datenschutzbestimmungen"},"content":{"rendered":"<h1>Datenschutzbestimmungen<\/h1>\n<p>Lukevent AG | HRA: CHE-169.709.416 Kanton Zug<\/p>\n<p>Rothusstra\u00dfe 21<br \/>\nCH - 6331 H\u00fcnnenberg<\/p>\n<p>Tel: +41 41 784 10 70<br \/>\nFax: +41 41 784 10 71<\/p>\n<p>E-Mail: <a href=\"mailto:info@lukevent.com\">info@lukevent.com<\/a> | <a href=\"https:\/\/www.lukevent.com\/de\/\">www.lukevent.com<\/a><\/p>\n<p>Gesch\u00e4ftsf\u00fchrender Direktor: Lukas Espir<br \/>\nOrt der Gerichtsbarkeit: Kanton - Zug<\/p>\n<p><strong><br \/>\n1. Informationen zum Datenschutz<\/strong><br \/>\nAm 25. Mai 2018 tritt die General Data Protection Regulation (nachfolgend GDPR) in Kraft. Diese Information bezieht sich auf die Datenverarbeitung im Zusammenhang mit der Online-Pr\u00e4senz www.lukevent.com (Website) der Lukevent AG (plc.).<br \/>\n<strong><br \/>\n1.1. Erstellung der Website und Zweck der Datenverarbeitung<\/strong><br \/>\nBei der Erstellung der Website werden keine personenbezogenen Daten verarbeitet.<br \/>\n<strong><br \/>\n1.1.1. Beantwortung von E-Mail-Anfragen<\/strong><br \/>\nWenn Sie uns eine E-Mail \u00fcber die auf unserer Website angegebene E-Mail-Adresse senden, verarbeiten wir Ihre personenbezogenen Daten, die wir von Ihnen erhalten haben, in unserem eigenen berechtigten Interesse, Art. 6 Abs. 1 lit. f) der GDPR. Wir tun dies, um auf Ihre Anfrage zu antworten.<br \/>\n<strong><br \/>\n1.1.2. Wie lange werden personenbezogene Daten gespeichert?<\/strong><br \/>\nDie Daten werden gel\u00f6scht, sobald sie f\u00fcr die Erreichung des Zweckes ihrer \u00dcbermittlung nicht mehr erforderlich sind. Wenn Sie uns eine Nachricht per E-Mail senden, werden wir Ihre personenbezogenen Daten sp\u00e4testens dann l\u00f6schen, wenn die gesetzlichen Verj\u00e4hrungsfristen abgelaufen sind oder, wenn ein Angebot oder ein Vertrag zustande gekommen ist, wenn die gesetzlichen Voraussetzungen des Handels-, Gewerbe- oder Steuerrechts erf\u00fcllt sind oder abgelaufen sind.<br \/>\n<strong><br \/>\n1.2 . \u00dcbermittlung von personenbezogenen Daten an Dritte?<\/strong><br \/>\nWir setzen keine externen Datenverarbeitungsdienste ein.<br \/>\n<strong><br \/>\n1.3. Haben Sie das Recht auf Auskunft, Berichtigung, L\u00f6schung oder Widerspruch?<\/strong><br \/>\nIn \u00dcbereinstimmung mit dem GDPR k\u00f6nnen Sie jederzeit verlangen, dass wir<br \/>\n- Ihnen alle personenbezogenen Daten, die wir \u00fcber Sie gespeichert haben, zur Verf\u00fcgung zu stellen (Art. 15 GDPR)<br \/>\n- falsche oder unrichtige Sie betreffende personenbezogene Daten zu berichtigen (Art. 16 GDPR)<br \/>\n- Sie betreffende personenbezogene Daten, die bei uns gespeichert sind, zu l\u00f6schen (Art. 17 GDPR), Daten zu sperren (Art. 18 GDPR) und\/oder Daten abzugeben (Art. 20 GDPR)<br \/>\n<strong><br \/>\nBitte richten Sie Ihre Anfrage an:<\/strong><br \/>\n- per E-Mail an: info@lukevent.com<br \/>\n- schriftlich an: Lukevent AG Rothusstrasse 21, 6331 H\u00fcnenberg, Schweiz<br \/>\nSollten Sie von Ihren Rechten Gebrauch machen, werden wir Ihre personenbezogenen Daten verarbeiten, um Ihre Anfrage zu beantworten. Die Verarbeitung Ihrer personenbezogenen Daten ist in diesem Fall zur Erf\u00fcllung einer rechtlichen Verpflichtung nach Art. 6 Abs. 1 S 1 lit. c) DSGVO erforderlich. Unbeschadet Ihrer Rechte k\u00f6nnen Sie sich auch bei einer Aufsichtsbeh\u00f6rde f\u00fcr den Datenschutz beschweren, wenn Sie der Ansicht sind, dass die Verarbeitung Ihrer personenbezogenen Daten durch Lukevent gegen die Vorschriften der DSGVO verst\u00f6\u00dft (Art. 77 DSGVO). Bitte richten Sie Ihre Beschwerde an:<br \/>\n- Datenschutzbeh\u00f6rde: Seestr. 2, Regierungsgeb\u00e4ude am Postplatz, 6301 Zug, T +41 41 728 31 87, datenschutz.zug@zg.ch<br \/>\n<strong><br \/>\n1.4 . Berechtigtes Interesse und Einspruch<\/strong><br \/>\nWir verarbeiten Ihre personenbezogenen Daten gem\u00e4\u00df Ziffer 2 dieser Datenschutzhinweise auf der Grundlage unseres berechtigten Interesses, um Sie \u00fcber unsere Dienstleistungen und Produkte zu informieren, im Rahmen unserer Marketingaktivit\u00e4ten, um auf Ihre Beschwerden zu reagieren, um Missbrauch, Betrug und Zahlungsausf\u00e4llen vorzubeugen, zur Wahrung unserer rechtlichen Interessen (gegebenenfalls vor Gericht), zur Durchsetzung und\/oder Verteidigung unserer rechtlichen Interessen. Informationen \u00fcber die Ber\u00fccksichtigung von Interessen k\u00f6nnen Sie bei uns erhalten:<br \/>\n- info@lukevent.com | Auf der Grundlage unseres berechtigten Interesses (Art. 6 Abs. 1 S 1 lit. F DSGVO) an der Verarbeitung Ihrer personenbezogenen Daten k\u00f6nnen Sie Ihre Einwilligung hierzu jederzeit widerrufen.    Wir werden Ihrem Wunsch nachkommen, es sei denn, es liegen wichtige Gegengr\u00fcnde nach Art. 21 der GDPR. Bitte richten Sie Ihre Anfrage an:<br \/>\n- per E-Mail an: info@lukevent.com<br \/>\n- per Telefon unter: + 41 41 748 17 70<br \/>\n- schriftlich an: Lukevent AG Rothusstrasse 21, 6331 H\u00fcnenberg, Schweiz<br \/>\nSollten Sie Ihre Einwilligung zur Verarbeitung Ihrer Daten widerrufen, m\u00fcssen wir die betreffenden personenbezogenen Daten dennoch verarbeiten, um Ihre Anfrage zu beantworten. Die Verarbeitung Ihrer personenbezogenen Daten ist in diesem Fall zur Erf\u00fcllung einer rechtlichen Verpflichtung erforderlich und erfolgt gem\u00e4\u00df Art. 6 Abs. 1 S. 1 lit. c) der GDPR.<\/p>\n<p><strong>2. Google Analytics<br \/>\n<\/strong>Diese Website benutzt Google Analytics, einen Webanalysedienst der Google Inc. (\"Google\"). Google Analytics verwendet sog. \"Cookies\", Textdateien, die auf Ihrem Computer gespeichert werden und die eine Analyse der Benutzung der Website durch Sie erm\u00f6glichen. Die durch den Cookie erzeugten Informationen \u00fcber Ihre Benutzung dieser Website werden in der Regel an einen Server von Google in den USA \u00fcbertragen und dort gespeichert. Im Falle der Aktivierung der IP-Anonymisierung auf dieser Webseite, wird Ihre IP-Adresse von Google jedoch innerhalb von Mitgliedstaaten der Europ\u00e4ischen Union oder in anderen Vertragsstaaten des Abkommens \u00fcber den Europ\u00e4ischen Wirtschaftsraum zuvor gek\u00fcrzt. Nur in Ausnahmef\u00e4llen wird die volle IP-Adresse an einen Server von Google in den USA \u00fcbertragen und dort gek\u00fcrzt. Im Auftrag des Betreibers dieser Website wird Google diese Informationen benutzen, um Ihre Nutzung der Website auszuwerten, um Reports \u00fcber die Websiteaktivit\u00e4ten zusammenzustellen und um weitere mit der Websitenutzung und der Internetnutzung verbundene Dienstleistungen gegen\u00fcber dem Websitebetreiber zu erbringen. Die im Rahmen von Google Analytics von Google Analytics \u00fcbermittelte IP-Adresse wird nicht mit anderen Daten von Google zusammengef\u00fchrt. Sie k\u00f6nnen die Speicherung der Cookies durch eine entsprechende Einstellung Ihrer Browser-Software verhindern; wir weisen Sie jedoch darauf hin, dass Sie in diesem Fall gegebenenfalls nicht s\u00e4mtliche Funktionen dieser Website vollumf\u00e4nglich werden nutzen k\u00f6nnen. Sie k\u00f6nnen dar\u00fcber hinaus die Erfassung der durch das Cookie erzeugten und auf Ihre Nutzung der Website bezogenen Daten (inkl. Ihrer IP-Adresse) an Google sowie die Verarbeitung dieser Daten durch Google verhindern, indem Sie das unter dem folgenden Link (http: \/\/ tools.google.com\/dlpage\/gaoptout?hl=de) verf\u00fcgbare Browser-Plugin herunterladen und installieren.<\/p>\n<p>Weitere Informationen zu Nutzungsbedingungen und Datenschutz finden Sie unter: \/\/www.google.com\/analytics\/terms\/en.html oder unter: \/\/www.google.com\/intl\/en\/analytics\/privacyoverview.html. Wir weisen darauf hin, dass auf dieser Website Google Analytics um den Code \"gat._anonymizeIp ();\" erweitert wurde, um eine anonymisierte Erfassung von IP-Adressen (sog. IP-Masking) zu gew\u00e4hrleisten.<\/p>\n<p>Wir verwenden auch Google Analytics, um Daten aus AdWords und dem Double-Click-Cookie zu statistischen Zwecken zu analysieren. Wenn Sie dies nicht w\u00fcnschen, k\u00f6nnen Sie es \u00fcber den Anzeigenvorgaben-Manager deaktivieren (<a href=\"http:\/\/www.google.com\/settings\/ads\/onweb\/?hl=en\" target=\"_blank\" rel=\"noopener\">http:\/\/www.google.com\/settings\/ads\/onweb\/?hl=en<\/a>).<\/p>\n<p>3. Wir arbeiten mit Microsoft Clarity und Microsoft Advertising zusammen, um zu erfassen, wie Sie unsere Website nutzen und mit ihr interagieren, und zwar mithilfe von Verhaltensmetriken, Heatmaps und Sitzungswiederholungen, um unsere Produkte\/Dienstleistungen zu verbessern und zu vermarkten. Daten zur Nutzung der Website werden mithilfe von Cookies von Erst- und Drittanbietern und anderen Tracking-Technologien erfasst, um die Beliebtheit von Produkten\/Dienstleistungen und Online-Aktivit\u00e4ten zu ermitteln. Au\u00dferdem verwenden wir diese Informationen zur Optimierung der Website, zu Betrugs-\/Sicherheitszwecken und f\u00fcr Werbung. Weitere Informationen dar\u00fcber, wie Microsoft Ihre Daten erfasst und verwendet, finden Sie in der Microsoft-Datenschutzerkl\u00e4rung: <a title=\"https:\/\/privacy.microsoft.com\/en-us\/privacystatement\" href=\"https:\/\/privacy.microsoft.com\/en-US\/privacystatement\" target=\"_blank\" rel=\"noopener\">https:\/\/privacy.microsoft.com\/en-US\/privacystatement<\/a><\/p>\n<p>Um den Verkehr auf unserer Website und das Nutzerverhalten besser zu verstehen, verwenden wir Analysetools von Drittanbietern, darunter Microsoft Clarity und Google Analytics. Diese Tools k\u00f6nnen Nutzungsdaten sammeln und analysieren und uns Einblicke in die Nutzung unserer Website gew\u00e4hren. Wir haben Ma\u00dfnahmen ergriffen, um sicherzustellen, dass diese Tools GDPR-konform sind und haben mit ihnen Datenverarbeitungsvertr\u00e4ge (DPAs) abgeschlossen.<\/p>\n<p>Microsoft Clarity und Google Analytics arbeiten unabh\u00e4ngig voneinander und haben ihre eigenen Datenschutzrichtlinien, die die von ihnen erfassten Daten regeln. Wir empfehlen Ihnen, die jeweiligen Datenschutzrichtlinien zu lesen, um mehr dar\u00fcber zu erfahren, wie sie mit Ihren Daten umgehen:<\/p>\n<ul data-rte-list=\"default\">\n<li>Microsoft Clarity-Datenschutzrichtlinie: <a title=\"https:\/\/www.clarity.io\/privacy-policy\" href=\"https:\/\/www.clarity.io\/privacy-policy\" target=\"_blank\" rel=\"noopener\">https:\/\/www.clarity.io\/privacy-policy<\/a><\/li>\n<li>Google Analytics Datenschutzbestimmungen:\u00a0 <a title=\"https:\/\/policies.google.com\/privacy?hl=en-us\" href=\"https:\/\/policies.google.com\/privacy?hl=en-US\" target=\"_blank\" rel=\"noopener\">https:\/\/policies.google.com\/privacy?hl=en-US<\/a><\/li>\n<\/ul>\n<p>Durch die Nutzung unserer Website erkl\u00e4ren Sie sich damit einverstanden, dass Microsoft Clarity und Google Analytics Ihre personenbezogenen Daten in \u00dcbereinstimmung mit den jeweiligen Datenschutzrichtlinien verarbeiten d\u00fcrfen. Diese Tools geben uns wertvolle Einblicke, um unsere Website und das Nutzererlebnis zu verbessern und zu optimieren.<\/p>\n<p>Bitte beachten Sie, dass Sie die M\u00f6glichkeit haben, die Verwendung von Cookies und Analysetools \u00fcber Ihre Browsereinstellungen oder durch Browsererweiterungen von Drittanbietern zu deaktivieren oder zu verwalten. Dies kann jedoch Ihre Erfahrung auf unserer Website beeintr\u00e4chtigen.<\/p>\n<p>Bitte beachten Sie, dass die Abmeldung von Microsoft Clarity die Erfassung von Daten durch dieses spezielle Analysetool deaktiviert.<\/p>\n<p>Wenn Sie Fragen oder Bedenken bez\u00fcglich der Verwendung dieser Analysetools oder deren Datenschutzpraktiken haben, wenden Sie sich bitte an uns, indem Sie die im Abschnitt \"Kontakt\" dieser Datenschutzrichtlinie angegebenen Informationen verwenden.<\/p>\n<p>Wir behalten uns das Recht vor, diese Datenschutzrichtlinie von Zeit zu Zeit zu aktualisieren, um \u00c4nderungen in unseren Praktiken oder rechtlichen Verpflichtungen zu ber\u00fccksichtigen. Wir werden Sie \u00fcber alle wesentlichen \u00c4nderungen informieren, indem wir die aktualisierte Richtlinie auf unserer Website ver\u00f6ffentlichen. Wir empfehlen Ihnen, diese Datenschutzrichtlinie regelm\u00e4\u00dfig auf \u00c4nderungen zu \u00fcberpr\u00fcfen.<\/p>\n<p>Wir danken Ihnen f\u00fcr Ihr Verst\u00e4ndnis und Ihre Mitarbeit bei der Gew\u00e4hrleistung des Datenschutzes und der Sicherheit Ihrer pers\u00f6nlichen Daten.<\/p>","protected":false},"excerpt":{"rendered":"<p>Privacy Policy Lukevent AG | HRA: CHE-169.709.416 Kanton Zug Rothusstrasse 21 CH - 6331 H\u00fcnenberg Tel: +41 41 784 10 70 Fax: +41 41 784 10 71 E-Mail: info@lukevent.com | www.lukevent.com Gesch\u00e4ftsf\u00fchrer: Lukas Espir Gerichtsstand: Kanton - Zug 1. Informationen zum Datenschutz Am 25. Mai 2018 ist die Allgemeine Datenschutzverordnung (nachfolgend [...]<\/p>","protected":false},"author":4,"featured_media":0,"parent":0,"menu_order":0,"comment_status":"closed","ping_status":"closed","template":"","meta":{"footnotes":""},"class_list":["post-3","page","type-page","status-publish","hentry"],"_links":{"self":[{"href":"https:\/\/www.lukevent.com\/de\/wp-json\/wp\/v2\/pages\/3","targetHints":{"allow":["GET"]}}],"collection":[{"href":"https:\/\/www.lukevent.com\/de\/wp-json\/wp\/v2\/pages"}],"about":[{"href":"https:\/\/www.lukevent.com\/de\/wp-json\/wp\/v2\/types\/page"}],"author":[{"embeddable":true,"href":"https:\/\/www.lukevent.com\/de\/wp-json\/wp\/v2\/users\/4"}],"replies":[{"embeddable":true,"href":"https:\/\/www.lukevent.com\/de\/wp-json\/wp\/v2\/comments?post=3"}],"version-history":[{"count":3,"href":"https:\/\/www.lukevent.com\/de\/wp-json\/wp\/v2\/pages\/3\/revisions"}],"predecessor-version":[{"id":4242,"href":"https:\/\/www.lukevent.com\/de\/wp-json\/wp\/v2\/pages\/3\/revisions\/4242"}],"wp:attachment":[{"href":"https:\/\/www.lukevent.com\/de\/wp-json\/wp\/v2\/media?parent=3"}],"curies":[{"name":"wp","href":"https:\/\/api.w.org\/{rel}","templated":true}]}}